{"id":187,"date":"2021-08-01T11:21:59","date_gmt":"2021-08-01T09:21:59","guid":{"rendered":"https:\/\/www.lacuisinedebabette.net\/?page_id=187"},"modified":"2025-01-01T19:15:00","modified_gmt":"2025-01-01T18:15:00","slug":"bon-appetit","status":"publish","type":"page","link":"https:\/\/www.lacuisinedebabette.net\/index.php\/bon-appetit\/","title":{"rendered":"Bon app\u00e9tit"},"content":{"rendered":"\n<p>Internet ne permet pas encore d&rsquo;appr\u00e9cier les go\u00fbts et les saveurs. Je vous invite \u00e0 rejoindre la Cuisine de Babette pour pr\u00e9parer et d\u00e9guster de savoureux plats.<\/p>\n\n\n\n<figure class=\"wp-block-image size-large is-resized\"><img loading=\"lazy\" src=\"https:\/\/www.lacuisinedebabette.net\/wp-content\/uploads\/2021\/11\/joyeux-noel-1S-1024x745.jpg\" alt=\"\" class=\"wp-image-429\" width=\"652\" height=\"474\" srcset=\"https:\/\/www.lacuisinedebabette.net\/wp-content\/uploads\/2021\/11\/joyeux-noel-1S-1024x745.jpg 1024w, https:\/\/www.lacuisinedebabette.net\/wp-content\/uploads\/2021\/11\/joyeux-noel-1S-300x218.jpg 300w, https:\/\/www.lacuisinedebabette.net\/wp-content\/uploads\/2021\/11\/joyeux-noel-1S-768x559.jpg 768w, https:\/\/www.lacuisinedebabette.net\/wp-content\/uploads\/2021\/11\/joyeux-noel-1S.jpg 1500w\" sizes=\"(max-width: 652px) 100vw, 652px\" \/><\/figure>\n\n\n\n<figure class=\"wp-block-image size-large is-resized\"><img loading=\"lazy\" src=\"https:\/\/www.lacuisinedebabette.net\/wp-content\/uploads\/2021\/11\/joyeux-noel-2S-1024x562.jpg\" alt=\"\" class=\"wp-image-430\" width=\"647\" height=\"355\" srcset=\"https:\/\/www.lacuisinedebabette.net\/wp-content\/uploads\/2021\/11\/joyeux-noel-2S-1024x562.jpg 1024w, https:\/\/www.lacuisinedebabette.net\/wp-content\/uploads\/2021\/11\/joyeux-noel-2S-300x165.jpg 300w, https:\/\/www.lacuisinedebabette.net\/wp-content\/uploads\/2021\/11\/joyeux-noel-2S-768x421.jpg 768w, https:\/\/www.lacuisinedebabette.net\/wp-content\/uploads\/2021\/11\/joyeux-noel-2S.jpg 1500w\" sizes=\"(max-width: 647px) 100vw, 647px\" \/><\/figure>\n\n\n\n<figure class=\"wp-block-image size-large is-resized\"><img loading=\"lazy\" src=\"https:\/\/www.lacuisinedebabette.net\/wp-content\/uploads\/2021\/11\/joyeux-noel-3S-1024x705.jpg\" alt=\"\" class=\"wp-image-431\" width=\"646\" height=\"445\" srcset=\"https:\/\/www.lacuisinedebabette.net\/wp-content\/uploads\/2021\/11\/joyeux-noel-3S-1024x705.jpg 1024w, https:\/\/www.lacuisinedebabette.net\/wp-content\/uploads\/2021\/11\/joyeux-noel-3S-300x206.jpg 300w, https:\/\/www.lacuisinedebabette.net\/wp-content\/uploads\/2021\/11\/joyeux-noel-3S-768x528.jpg 768w, https:\/\/www.lacuisinedebabette.net\/wp-content\/uploads\/2021\/11\/joyeux-noel-3S-130x90.jpg 130w, https:\/\/www.lacuisinedebabette.net\/wp-content\/uploads\/2021\/11\/joyeux-noel-3S.jpg 1500w\" sizes=\"(max-width: 646px) 100vw, 646px\" \/><\/figure>\n\n\n\n<figure class=\"wp-block-image size-large is-resized\"><img loading=\"lazy\" src=\"https:\/\/www.lacuisinedebabette.net\/wp-content\/uploads\/2021\/08\/pain4-Copie.jpg\" alt=\"\" class=\"wp-image-188\" width=\"651\" height=\"433\" srcset=\"https:\/\/www.lacuisinedebabette.net\/wp-content\/uploads\/2021\/08\/pain4-Copie.jpg 1000w, https:\/\/www.lacuisinedebabette.net\/wp-content\/uploads\/2021\/08\/pain4-Copie-300x200.jpg 300w, https:\/\/www.lacuisinedebabette.net\/wp-content\/uploads\/2021\/08\/pain4-Copie-768x511.jpg 768w\" sizes=\"(max-width: 651px) 100vw, 651px\" \/><\/figure>\n\n\n\n<figure class=\"wp-block-image size-large is-resized\"><img loading=\"lazy\" src=\"https:\/\/www.lacuisinedebabette.net\/wp-content\/uploads\/2021\/08\/pain-garni-corrige.jpg\" alt=\"\" class=\"wp-image-189\" width=\"651\" height=\"434\" srcset=\"https:\/\/www.lacuisinedebabette.net\/wp-content\/uploads\/2021\/08\/pain-garni-corrige.jpg 1000w, https:\/\/www.lacuisinedebabette.net\/wp-content\/uploads\/2021\/08\/pain-garni-corrige-300x200.jpg 300w, https:\/\/www.lacuisinedebabette.net\/wp-content\/uploads\/2021\/08\/pain-garni-corrige-768x512.jpg 768w\" sizes=\"(max-width: 651px) 100vw, 651px\" \/><\/figure>\n\n\n\n<figure class=\"wp-block-image size-large is-resized\"><img loading=\"lazy\" src=\"https:\/\/www.lacuisinedebabette.net\/wp-content\/uploads\/2021\/08\/corrige-1024x683.jpg\" alt=\"\" class=\"wp-image-190\" width=\"655\" height=\"438\" srcset=\"https:\/\/www.lacuisinedebabette.net\/wp-content\/uploads\/2021\/08\/corrige-1024x683.jpg 1024w, https:\/\/www.lacuisinedebabette.net\/wp-content\/uploads\/2021\/08\/corrige-300x200.jpg 300w, https:\/\/www.lacuisinedebabette.net\/wp-content\/uploads\/2021\/08\/corrige-768x512.jpg 768w, https:\/\/www.lacuisinedebabette.net\/wp-content\/uploads\/2021\/08\/corrige-1536x1024.jpg 1536w, https:\/\/www.lacuisinedebabette.net\/wp-content\/uploads\/2021\/08\/corrige-2048x1365.jpg 2048w\" sizes=\"(max-width: 655px) 100vw, 655px\" \/><\/figure>\n\n\n\n<figure class=\"wp-block-image size-large is-resized\"><img loading=\"lazy\" src=\"https:\/\/www.lacuisinedebabette.net\/wp-content\/uploads\/2021\/08\/fraise4.jpg\" alt=\"\" class=\"wp-image-191\" width=\"659\" height=\"440\" srcset=\"https:\/\/www.lacuisinedebabette.net\/wp-content\/uploads\/2021\/08\/fraise4.jpg 1000w, https:\/\/www.lacuisinedebabette.net\/wp-content\/uploads\/2021\/08\/fraise4-300x200.jpg 300w, https:\/\/www.lacuisinedebabette.net\/wp-content\/uploads\/2021\/08\/fraise4-768x512.jpg 768w\" sizes=\"(max-width: 659px) 100vw, 659px\" \/><\/figure>\n\n\n\n<figure class=\"wp-block-image size-large is-resized\"><img loading=\"lazy\" src=\"https:\/\/www.lacuisinedebabette.net\/wp-content\/uploads\/2021\/08\/PhC1_175.jpg\" alt=\"\" class=\"wp-image-192\" width=\"661\" height=\"992\" srcset=\"https:\/\/www.lacuisinedebabette.net\/wp-content\/uploads\/2021\/08\/PhC1_175.jpg 667w, https:\/\/www.lacuisinedebabette.net\/wp-content\/uploads\/2021\/08\/PhC1_175-200x300.jpg 200w\" sizes=\"(max-width: 661px) 100vw, 661px\" \/><\/figure>\n\n\n\n<figure class=\"wp-block-image size-large is-resized\"><img loading=\"lazy\" src=\"https:\/\/www.lacuisinedebabette.net\/wp-content\/uploads\/2021\/11\/Tatin-2-1024x683.jpg\" alt=\"\" class=\"wp-image-396\" width=\"662\" height=\"441\" srcset=\"https:\/\/www.lacuisinedebabette.net\/wp-content\/uploads\/2021\/11\/Tatin-2-1024x683.jpg 1024w, https:\/\/www.lacuisinedebabette.net\/wp-content\/uploads\/2021\/11\/Tatin-2-300x200.jpg 300w, https:\/\/www.lacuisinedebabette.net\/wp-content\/uploads\/2021\/11\/Tatin-2-768x513.jpg 768w, https:\/\/www.lacuisinedebabette.net\/wp-content\/uploads\/2021\/11\/Tatin-2.jpg 1500w\" sizes=\"(max-width: 662px) 100vw, 662px\" \/><\/figure>\n\n\n\n<figure class=\"wp-block-image size-large is-resized\"><img loading=\"lazy\" src=\"https:\/\/www.lacuisinedebabette.net\/wp-content\/uploads\/2021\/11\/tarte2.jpg\" alt=\"\" class=\"wp-image-395\" width=\"667\" height=\"445\" srcset=\"https:\/\/www.lacuisinedebabette.net\/wp-content\/uploads\/2021\/11\/tarte2.jpg 1000w, https:\/\/www.lacuisinedebabette.net\/wp-content\/uploads\/2021\/11\/tarte2-300x200.jpg 300w, https:\/\/www.lacuisinedebabette.net\/wp-content\/uploads\/2021\/11\/tarte2-768x512.jpg 768w\" sizes=\"(max-width: 667px) 100vw, 667px\" \/><\/figure>\n\n\n\n<figure class=\"wp-block-image size-large is-resized\"><img loading=\"lazy\" src=\"https:\/\/www.lacuisinedebabette.net\/wp-content\/uploads\/2021\/11\/gateau.jpg\" alt=\"\" class=\"wp-image-393\" width=\"672\" height=\"448\" srcset=\"https:\/\/www.lacuisinedebabette.net\/wp-content\/uploads\/2021\/11\/gateau.jpg 1000w, https:\/\/www.lacuisinedebabette.net\/wp-content\/uploads\/2021\/11\/gateau-300x200.jpg 300w, https:\/\/www.lacuisinedebabette.net\/wp-content\/uploads\/2021\/11\/gateau-768x511.jpg 768w\" sizes=\"(max-width: 672px) 100vw, 672px\" \/><\/figure>\n\n\n\n<figure class=\"wp-block-image size-large is-resized\"><img loading=\"lazy\" src=\"https:\/\/www.lacuisinedebabette.net\/wp-content\/uploads\/2021\/11\/gateau-noisettes-chocolat-meringue--1024x683.jpg\" alt=\"\" class=\"wp-image-392\" width=\"676\" height=\"451\" srcset=\"https:\/\/www.lacuisinedebabette.net\/wp-content\/uploads\/2021\/11\/gateau-noisettes-chocolat-meringue--1024x683.jpg 1024w, https:\/\/www.lacuisinedebabette.net\/wp-content\/uploads\/2021\/11\/gateau-noisettes-chocolat-meringue--300x200.jpg 300w, https:\/\/www.lacuisinedebabette.net\/wp-content\/uploads\/2021\/11\/gateau-noisettes-chocolat-meringue--768x512.jpg 768w, https:\/\/www.lacuisinedebabette.net\/wp-content\/uploads\/2021\/11\/gateau-noisettes-chocolat-meringue-.jpg 1500w\" sizes=\"(max-width: 676px) 100vw, 676px\" \/><\/figure>\n\n\n\n<figure class=\"wp-block-image size-large is-resized\"><img loading=\"lazy\" src=\"https:\/\/www.lacuisinedebabette.net\/wp-content\/uploads\/2021\/11\/Figue-1-1024x683.jpg\" alt=\"\" class=\"wp-image-390\" width=\"677\" height=\"452\" srcset=\"https:\/\/www.lacuisinedebabette.net\/wp-content\/uploads\/2021\/11\/Figue-1-1024x683.jpg 1024w, https:\/\/www.lacuisinedebabette.net\/wp-content\/uploads\/2021\/11\/Figue-1-300x200.jpg 300w, https:\/\/www.lacuisinedebabette.net\/wp-content\/uploads\/2021\/11\/Figue-1-768x513.jpg 768w, https:\/\/www.lacuisinedebabette.net\/wp-content\/uploads\/2021\/11\/Figue-1.jpg 1500w\" sizes=\"(max-width: 677px) 100vw, 677px\" \/><\/figure>\n\n\n\n<figure class=\"wp-block-image size-large is-resized\"><img loading=\"lazy\" src=\"https:\/\/www.lacuisinedebabette.net\/wp-content\/uploads\/2021\/11\/Pommes-1-1024x683.jpg\" alt=\"\" class=\"wp-image-394\" width=\"679\" height=\"453\" srcset=\"https:\/\/www.lacuisinedebabette.net\/wp-content\/uploads\/2021\/11\/Pommes-1-1024x683.jpg 1024w, https:\/\/www.lacuisinedebabette.net\/wp-content\/uploads\/2021\/11\/Pommes-1-300x200.jpg 300w, https:\/\/www.lacuisinedebabette.net\/wp-content\/uploads\/2021\/11\/Pommes-1-768x513.jpg 768w, https:\/\/www.lacuisinedebabette.net\/wp-content\/uploads\/2021\/11\/Pommes-1.jpg 1500w\" sizes=\"(max-width: 679px) 100vw, 679px\" \/><\/figure>\n\n\n\n<figure class=\"wp-block-image size-large is-resized\"><img loading=\"lazy\" src=\"https:\/\/www.lacuisinedebabette.net\/wp-content\/uploads\/2021\/11\/Canard-patates-douces-1-1024x683.jpg\" alt=\"\" class=\"wp-image-389\" width=\"682\" height=\"455\" srcset=\"https:\/\/www.lacuisinedebabette.net\/wp-content\/uploads\/2021\/11\/Canard-patates-douces-1-1024x683.jpg 1024w, https:\/\/www.lacuisinedebabette.net\/wp-content\/uploads\/2021\/11\/Canard-patates-douces-1-300x200.jpg 300w, https:\/\/www.lacuisinedebabette.net\/wp-content\/uploads\/2021\/11\/Canard-patates-douces-1-768x513.jpg 768w, https:\/\/www.lacuisinedebabette.net\/wp-content\/uploads\/2021\/11\/Canard-patates-douces-1.jpg 1500w\" sizes=\"(max-width: 682px) 100vw, 682px\" \/><\/figure>\n\n\n\n<figure class=\"wp-block-image size-large is-resized\"><img loading=\"lazy\" src=\"https:\/\/www.lacuisinedebabette.net\/wp-content\/uploads\/2021\/11\/Butternut-2-1024x683.jpg\" alt=\"\" class=\"wp-image-388\" width=\"682\" height=\"455\" srcset=\"https:\/\/www.lacuisinedebabette.net\/wp-content\/uploads\/2021\/11\/Butternut-2-1024x683.jpg 1024w, https:\/\/www.lacuisinedebabette.net\/wp-content\/uploads\/2021\/11\/Butternut-2-300x200.jpg 300w, https:\/\/www.lacuisinedebabette.net\/wp-content\/uploads\/2021\/11\/Butternut-2-768x513.jpg 768w, https:\/\/www.lacuisinedebabette.net\/wp-content\/uploads\/2021\/11\/Butternut-2.jpg 1500w\" sizes=\"(max-width: 682px) 100vw, 682px\" \/><\/figure>\n\n\n\n<figure class=\"wp-block-image size-large is-resized\"><img loading=\"lazy\" src=\"https:\/\/www.lacuisinedebabette.net\/wp-content\/uploads\/2021\/11\/Baba-2-1024x683.jpg\" alt=\"\" class=\"wp-image-387\" width=\"684\" height=\"456\" srcset=\"https:\/\/www.lacuisinedebabette.net\/wp-content\/uploads\/2021\/11\/Baba-2-1024x683.jpg 1024w, https:\/\/www.lacuisinedebabette.net\/wp-content\/uploads\/2021\/11\/Baba-2-300x200.jpg 300w, https:\/\/www.lacuisinedebabette.net\/wp-content\/uploads\/2021\/11\/Baba-2-768x513.jpg 768w, https:\/\/www.lacuisinedebabette.net\/wp-content\/uploads\/2021\/11\/Baba-2.jpg 1500w\" sizes=\"(max-width: 684px) 100vw, 684px\" \/><\/figure>\n\n\n\n<figure class=\"wp-block-image size-large\"><img loading=\"lazy\" width=\"683\" height=\"1024\" src=\"https:\/\/www.lacuisinedebabette.net\/wp-content\/uploads\/2021\/11\/creme-1-683x1024.jpg\" alt=\"\" class=\"wp-image-416\" srcset=\"https:\/\/www.lacuisinedebabette.net\/wp-content\/uploads\/2021\/11\/creme-1-683x1024.jpg 683w, https:\/\/www.lacuisinedebabette.net\/wp-content\/uploads\/2021\/11\/creme-1-200x300.jpg 200w, https:\/\/www.lacuisinedebabette.net\/wp-content\/uploads\/2021\/11\/creme-1-768x1152.jpg 768w, https:\/\/www.lacuisinedebabette.net\/wp-content\/uploads\/2021\/11\/creme-1.jpg 999w\" sizes=\"(max-width: 683px) 100vw, 683px\" \/><\/figure>\n\n\n\n<figure class=\"wp-block-image size-large is-resized\"><img loading=\"lazy\" src=\"https:\/\/www.lacuisinedebabette.net\/wp-content\/uploads\/2021\/11\/creme-2-1024x683.jpg\" alt=\"\" class=\"wp-image-417\" width=\"688\" height=\"459\" srcset=\"https:\/\/www.lacuisinedebabette.net\/wp-content\/uploads\/2021\/11\/creme-2-1024x683.jpg 1024w, https:\/\/www.lacuisinedebabette.net\/wp-content\/uploads\/2021\/11\/creme-2-300x200.jpg 300w, https:\/\/www.lacuisinedebabette.net\/wp-content\/uploads\/2021\/11\/creme-2-768x513.jpg 768w, https:\/\/www.lacuisinedebabette.net\/wp-content\/uploads\/2021\/11\/creme-2.jpg 1500w\" sizes=\"(max-width: 688px) 100vw, 688px\" \/><\/figure>\n\n\n\n<figure class=\"wp-block-image size-large is-resized\"><img loading=\"lazy\" src=\"https:\/\/www.lacuisinedebabette.net\/wp-content\/uploads\/2021\/11\/petits-choux-1024x683.jpg\" alt=\"\" class=\"wp-image-419\" width=\"692\" height=\"462\" srcset=\"https:\/\/www.lacuisinedebabette.net\/wp-content\/uploads\/2021\/11\/petits-choux-1024x683.jpg 1024w, https:\/\/www.lacuisinedebabette.net\/wp-content\/uploads\/2021\/11\/petits-choux-300x200.jpg 300w, https:\/\/www.lacuisinedebabette.net\/wp-content\/uploads\/2021\/11\/petits-choux-768x513.jpg 768w, https:\/\/www.lacuisinedebabette.net\/wp-content\/uploads\/2021\/11\/petits-choux.jpg 1500w\" sizes=\"(max-width: 692px) 100vw, 692px\" \/><\/figure>\n\n\n\n<figure class=\"wp-block-image size-large is-resized\"><img loading=\"lazy\" src=\"https:\/\/www.lacuisinedebabette.net\/wp-content\/uploads\/2021\/11\/petits-pains-2-1024x683.jpg\" alt=\"\" class=\"wp-image-421\" width=\"692\" height=\"461\" srcset=\"https:\/\/www.lacuisinedebabette.net\/wp-content\/uploads\/2021\/11\/petits-pains-2-1024x683.jpg 1024w, https:\/\/www.lacuisinedebabette.net\/wp-content\/uploads\/2021\/11\/petits-pains-2-300x200.jpg 300w, https:\/\/www.lacuisinedebabette.net\/wp-content\/uploads\/2021\/11\/petits-pains-2-768x512.jpg 768w, https:\/\/www.lacuisinedebabette.net\/wp-content\/uploads\/2021\/11\/petits-pains-2.jpg 1500w\" sizes=\"(max-width: 692px) 100vw, 692px\" \/><\/figure>\n\n\n\n<figure class=\"wp-block-image size-large is-resized\"><img loading=\"lazy\" src=\"https:\/\/www.lacuisinedebabette.net\/wp-content\/uploads\/2021\/11\/petits-pains-1-684x1024.jpg\" alt=\"\" class=\"wp-image-420\" width=\"697\" height=\"1043\" srcset=\"https:\/\/www.lacuisinedebabette.net\/wp-content\/uploads\/2021\/11\/petits-pains-1-684x1024.jpg 684w, https:\/\/www.lacuisinedebabette.net\/wp-content\/uploads\/2021\/11\/petits-pains-1-200x300.jpg 200w, https:\/\/www.lacuisinedebabette.net\/wp-content\/uploads\/2021\/11\/petits-pains-1-768x1150.jpg 768w, https:\/\/www.lacuisinedebabette.net\/wp-content\/uploads\/2021\/11\/petits-pains-1.jpg 1000w\" sizes=\"(max-width: 697px) 100vw, 697px\" \/><\/figure>\n\n\n\n<figure class=\"wp-block-image size-large is-resized\"><img loading=\"lazy\" src=\"https:\/\/www.lacuisinedebabette.net\/wp-content\/uploads\/2021\/11\/quiche-1-1024x683.jpg\" alt=\"\" class=\"wp-image-422\" width=\"703\" height=\"469\" srcset=\"https:\/\/www.lacuisinedebabette.net\/wp-content\/uploads\/2021\/11\/quiche-1-1024x683.jpg 1024w, https:\/\/www.lacuisinedebabette.net\/wp-content\/uploads\/2021\/11\/quiche-1-300x200.jpg 300w, https:\/\/www.lacuisinedebabette.net\/wp-content\/uploads\/2021\/11\/quiche-1-768x513.jpg 768w, https:\/\/www.lacuisinedebabette.net\/wp-content\/uploads\/2021\/11\/quiche-1.jpg 1500w\" sizes=\"(max-width: 703px) 100vw, 703px\" \/><\/figure>\n\n\n\n<figure class=\"wp-block-image size-large is-resized\"><img loading=\"lazy\" src=\"https:\/\/www.lacuisinedebabette.net\/wp-content\/uploads\/2021\/11\/quiche-2-1024x683.jpg\" alt=\"\" class=\"wp-image-423\" width=\"707\" height=\"472\" srcset=\"https:\/\/www.lacuisinedebabette.net\/wp-content\/uploads\/2021\/11\/quiche-2-1024x683.jpg 1024w, https:\/\/www.lacuisinedebabette.net\/wp-content\/uploads\/2021\/11\/quiche-2-300x200.jpg 300w, https:\/\/www.lacuisinedebabette.net\/wp-content\/uploads\/2021\/11\/quiche-2-768x513.jpg 768w, https:\/\/www.lacuisinedebabette.net\/wp-content\/uploads\/2021\/11\/quiche-2.jpg 1500w\" sizes=\"(max-width: 707px) 100vw, 707px\" \/><\/figure>\n\n\n\n<figure class=\"wp-block-image size-large is-resized\"><img loading=\"lazy\" src=\"https:\/\/www.lacuisinedebabette.net\/wp-content\/uploads\/2021\/11\/cookies-1024x683.jpg\" alt=\"\" class=\"wp-image-415\" width=\"709\" height=\"473\" srcset=\"https:\/\/www.lacuisinedebabette.net\/wp-content\/uploads\/2021\/11\/cookies-1024x683.jpg 1024w, https:\/\/www.lacuisinedebabette.net\/wp-content\/uploads\/2021\/11\/cookies-300x200.jpg 300w, https:\/\/www.lacuisinedebabette.net\/wp-content\/uploads\/2021\/11\/cookies-768x512.jpg 768w, https:\/\/www.lacuisinedebabette.net\/wp-content\/uploads\/2021\/11\/cookies.jpg 1500w\" sizes=\"(max-width: 709px) 100vw, 709px\" \/><\/figure>\n\n\n\n<figure class=\"wp-block-image size-large is-resized\"><img loading=\"lazy\" src=\"https:\/\/www.lacuisinedebabette.net\/wp-content\/uploads\/2021\/11\/creme-de-Noel-1024x683.jpg\" alt=\"\" class=\"wp-image-418\" width=\"711\" height=\"474\" srcset=\"https:\/\/www.lacuisinedebabette.net\/wp-content\/uploads\/2021\/11\/creme-de-Noel-1024x683.jpg 1024w, https:\/\/www.lacuisinedebabette.net\/wp-content\/uploads\/2021\/11\/creme-de-Noel-300x200.jpg 300w, https:\/\/www.lacuisinedebabette.net\/wp-content\/uploads\/2021\/11\/creme-de-Noel-768x513.jpg 768w, https:\/\/www.lacuisinedebabette.net\/wp-content\/uploads\/2021\/11\/creme-de-Noel.jpg 1500w\" sizes=\"(max-width: 711px) 100vw, 711px\" \/><\/figure>\n\n\n\n<figure class=\"wp-block-image size-large is-resized\"><img loading=\"lazy\" src=\"https:\/\/www.lacuisinedebabette.net\/wp-content\/uploads\/2022\/04\/Brioche-1024x683.jpg\" alt=\"\" class=\"wp-image-474\" width=\"713\" height=\"476\" srcset=\"https:\/\/www.lacuisinedebabette.net\/wp-content\/uploads\/2022\/04\/Brioche-1024x683.jpg 1024w, https:\/\/www.lacuisinedebabette.net\/wp-content\/uploads\/2022\/04\/Brioche-300x200.jpg 300w, https:\/\/www.lacuisinedebabette.net\/wp-content\/uploads\/2022\/04\/Brioche-768x513.jpg 768w, https:\/\/www.lacuisinedebabette.net\/wp-content\/uploads\/2022\/04\/Brioche.jpg 1500w\" sizes=\"(max-width: 713px) 100vw, 713px\" \/><\/figure>\n\n\n\n<figure class=\"wp-block-image size-large is-resized\"><img loading=\"lazy\" src=\"https:\/\/www.lacuisinedebabette.net\/wp-content\/uploads\/2022\/04\/Cookie-chocolat-noisette-1024x683.jpg\" alt=\"\" class=\"wp-image-495\" width=\"715\" height=\"477\" srcset=\"https:\/\/www.lacuisinedebabette.net\/wp-content\/uploads\/2022\/04\/Cookie-chocolat-noisette-1024x683.jpg 1024w, https:\/\/www.lacuisinedebabette.net\/wp-content\/uploads\/2022\/04\/Cookie-chocolat-noisette-300x200.jpg 300w, https:\/\/www.lacuisinedebabette.net\/wp-content\/uploads\/2022\/04\/Cookie-chocolat-noisette-768x513.jpg 768w, https:\/\/www.lacuisinedebabette.net\/wp-content\/uploads\/2022\/04\/Cookie-chocolat-noisette.jpg 1500w\" sizes=\"(max-width: 715px) 100vw, 715px\" \/><\/figure>\n\n\n\n<figure class=\"wp-block-image size-large is-resized\"><img loading=\"lazy\" src=\"https:\/\/www.lacuisinedebabette.net\/wp-content\/uploads\/2023\/02\/soupe-froide-pain-tomate--1024x683.jpg\" alt=\"\" class=\"wp-image-684\" width=\"718\" height=\"479\" srcset=\"https:\/\/www.lacuisinedebabette.net\/wp-content\/uploads\/2023\/02\/soupe-froide-pain-tomate--1024x683.jpg 1024w, https:\/\/www.lacuisinedebabette.net\/wp-content\/uploads\/2023\/02\/soupe-froide-pain-tomate--300x200.jpg 300w, https:\/\/www.lacuisinedebabette.net\/wp-content\/uploads\/2023\/02\/soupe-froide-pain-tomate--768x512.jpg 768w, https:\/\/www.lacuisinedebabette.net\/wp-content\/uploads\/2023\/02\/soupe-froide-pain-tomate--1536x1025.jpg 1536w, https:\/\/www.lacuisinedebabette.net\/wp-content\/uploads\/2023\/02\/soupe-froide-pain-tomate-.jpg 2000w\" sizes=\"(max-width: 718px) 100vw, 718px\" \/><\/figure>\n\n\n\n<figure class=\"wp-block-image size-large is-resized\"><img loading=\"lazy\" src=\"https:\/\/www.lacuisinedebabette.net\/wp-content\/uploads\/2023\/02\/N8A_1438-1024x715.jpg\" alt=\"\" class=\"wp-image-688\" width=\"719\" height=\"502\" srcset=\"https:\/\/www.lacuisinedebabette.net\/wp-content\/uploads\/2023\/02\/N8A_1438-1024x715.jpg 1024w, https:\/\/www.lacuisinedebabette.net\/wp-content\/uploads\/2023\/02\/N8A_1438-300x209.jpg 300w, https:\/\/www.lacuisinedebabette.net\/wp-content\/uploads\/2023\/02\/N8A_1438-768x536.jpg 768w, https:\/\/www.lacuisinedebabette.net\/wp-content\/uploads\/2023\/02\/N8A_1438-130x90.jpg 130w, https:\/\/www.lacuisinedebabette.net\/wp-content\/uploads\/2023\/02\/N8A_1438.jpg 1500w\" sizes=\"(max-width: 719px) 100vw, 719px\" \/><\/figure>\n\n\n\n<figure class=\"wp-block-image size-large is-resized\"><img loading=\"lazy\" src=\"https:\/\/www.lacuisinedebabette.net\/wp-content\/uploads\/2023\/02\/N8A_1469-683x1024.jpg\" alt=\"\" class=\"wp-image-691\" width=\"723\" height=\"1084\" srcset=\"https:\/\/www.lacuisinedebabette.net\/wp-content\/uploads\/2023\/02\/N8A_1469-683x1024.jpg 683w, https:\/\/www.lacuisinedebabette.net\/wp-content\/uploads\/2023\/02\/N8A_1469-200x300.jpg 200w, https:\/\/www.lacuisinedebabette.net\/wp-content\/uploads\/2023\/02\/N8A_1469-768x1151.jpg 768w, https:\/\/www.lacuisinedebabette.net\/wp-content\/uploads\/2023\/02\/N8A_1469.jpg 1001w\" sizes=\"(max-width: 723px) 100vw, 723px\" \/><\/figure>\n\n\n\n<figure class=\"wp-block-image size-large is-resized\"><img loading=\"lazy\" src=\"https:\/\/www.lacuisinedebabette.net\/wp-content\/uploads\/2023\/02\/ile-flottante--1024x683.jpg\" alt=\"\" class=\"wp-image-685\" width=\"724\" height=\"483\" srcset=\"https:\/\/www.lacuisinedebabette.net\/wp-content\/uploads\/2023\/02\/ile-flottante--1024x683.jpg 1024w, https:\/\/www.lacuisinedebabette.net\/wp-content\/uploads\/2023\/02\/ile-flottante--300x200.jpg 300w, https:\/\/www.lacuisinedebabette.net\/wp-content\/uploads\/2023\/02\/ile-flottante--768x512.jpg 768w, https:\/\/www.lacuisinedebabette.net\/wp-content\/uploads\/2023\/02\/ile-flottante--1536x1025.jpg 1536w, https:\/\/www.lacuisinedebabette.net\/wp-content\/uploads\/2023\/02\/ile-flottante-.jpg 2000w\" sizes=\"(max-width: 724px) 100vw, 724px\" \/><\/figure>\n\n\n\n<figure class=\"wp-block-image size-large is-resized\"><img loading=\"lazy\" src=\"https:\/\/www.lacuisinedebabette.net\/wp-content\/uploads\/2025\/01\/N8A_4511-1024x683.jpg\" alt=\"\" class=\"wp-image-819\" width=\"727\" height=\"485\" srcset=\"https:\/\/www.lacuisinedebabette.net\/wp-content\/uploads\/2025\/01\/N8A_4511-1024x683.jpg 1024w, https:\/\/www.lacuisinedebabette.net\/wp-content\/uploads\/2025\/01\/N8A_4511-300x200.jpg 300w, https:\/\/www.lacuisinedebabette.net\/wp-content\/uploads\/2025\/01\/N8A_4511-768x513.jpg 768w, https:\/\/www.lacuisinedebabette.net\/wp-content\/uploads\/2025\/01\/N8A_4511.jpg 1500w\" sizes=\"(max-width: 727px) 100vw, 727px\" \/><\/figure>\n\n\n\n<figure class=\"wp-block-image size-large is-resized\"><img loading=\"lazy\" src=\"https:\/\/www.lacuisinedebabette.net\/wp-content\/uploads\/2025\/01\/N8A_3037-1024x683.jpg\" alt=\"\" class=\"wp-image-818\" width=\"727\" height=\"485\" srcset=\"https:\/\/www.lacuisinedebabette.net\/wp-content\/uploads\/2025\/01\/N8A_3037-1024x683.jpg 1024w, https:\/\/www.lacuisinedebabette.net\/wp-content\/uploads\/2025\/01\/N8A_3037-300x200.jpg 300w, https:\/\/www.lacuisinedebabette.net\/wp-content\/uploads\/2025\/01\/N8A_3037-768x513.jpg 768w, https:\/\/www.lacuisinedebabette.net\/wp-content\/uploads\/2025\/01\/N8A_3037.jpg 1500w\" sizes=\"(max-width: 727px) 100vw, 727px\" \/><\/figure>\n\n\n\n<figure class=\"wp-block-image size-large is-resized\"><img loading=\"lazy\" src=\"https:\/\/www.lacuisinedebabette.net\/wp-content\/uploads\/2025\/01\/DSC_6360-1024x716.jpg\" alt=\"\" class=\"wp-image-814\" width=\"729\" height=\"510\" srcset=\"https:\/\/www.lacuisinedebabette.net\/wp-content\/uploads\/2025\/01\/DSC_6360-1024x716.jpg 1024w, https:\/\/www.lacuisinedebabette.net\/wp-content\/uploads\/2025\/01\/DSC_6360-300x210.jpg 300w, https:\/\/www.lacuisinedebabette.net\/wp-content\/uploads\/2025\/01\/DSC_6360-768x537.jpg 768w, https:\/\/www.lacuisinedebabette.net\/wp-content\/uploads\/2025\/01\/DSC_6360-130x90.jpg 130w, https:\/\/www.lacuisinedebabette.net\/wp-content\/uploads\/2025\/01\/DSC_6360.jpg 1500w\" sizes=\"(max-width: 729px) 100vw, 729px\" \/><\/figure>\n","protected":false},"excerpt":{"rendered":"<p>Internet ne permet pas encore d&rsquo;appr\u00e9cier les go\u00fbts et les saveurs. Je vous invite \u00e0 rejoindre la Cuisine de Babette<\/p>\n","protected":false},"author":1,"featured_media":0,"parent":0,"menu_order":0,"comment_status":"closed","ping_status":"closed","template":"","meta":[],"_links":{"self":[{"href":"https:\/\/www.lacuisinedebabette.net\/index.php\/wp-json\/wp\/v2\/pages\/187"}],"collection":[{"href":"https:\/\/www.lacuisinedebabette.net\/index.php\/wp-json\/wp\/v2\/pages"}],"about":[{"href":"https:\/\/www.lacuisinedebabette.net\/index.php\/wp-json\/wp\/v2\/types\/page"}],"author":[{"embeddable":true,"href":"https:\/\/www.lacuisinedebabette.net\/index.php\/wp-json\/wp\/v2\/users\/1"}],"replies":[{"embeddable":true,"href":"https:\/\/www.lacuisinedebabette.net\/index.php\/wp-json\/wp\/v2\/comments?post=187"}],"version-history":[{"count":10,"href":"https:\/\/www.lacuisinedebabette.net\/index.php\/wp-json\/wp\/v2\/pages\/187\/revisions"}],"predecessor-version":[{"id":821,"href":"https:\/\/www.lacuisinedebabette.net\/index.php\/wp-json\/wp\/v2\/pages\/187\/revisions\/821"}],"wp:attachment":[{"href":"https:\/\/www.lacuisinedebabette.net\/index.php\/wp-json\/wp\/v2\/media?parent=187"}],"curies":[{"name":"wp","href":"https:\/\/api.w.org\/{rel}","templated":true}]}}