{"id":242,"date":"2021-08-02T07:56:55","date_gmt":"2021-08-02T05:56:55","guid":{"rendered":"https:\/\/www.lacuisinedebabette.net\/?page_id=242"},"modified":"2021-08-12T21:28:04","modified_gmt":"2021-08-12T19:28:04","slug":"restos","status":"publish","type":"page","link":"https:\/\/www.lacuisinedebabette.net\/index.php\/restos\/","title":{"rendered":"Restos"},"content":{"rendered":"\n<figure class=\"wp-block-image size-large\"><img loading=\"lazy\" width=\"700\" height=\"525\" src=\"https:\/\/www.lacuisinedebabette.net\/wp-content\/uploads\/2021\/08\/Restaurant-4.jpg\" alt=\"\" class=\"wp-image-315\" srcset=\"https:\/\/www.lacuisinedebabette.net\/wp-content\/uploads\/2021\/08\/Restaurant-4.jpg 700w, https:\/\/www.lacuisinedebabette.net\/wp-content\/uploads\/2021\/08\/Restaurant-4-300x225.jpg 300w\" sizes=\"(max-width: 700px) 100vw, 700px\" \/><\/figure>\n\n\n\n<p>Voici quelques suggestions toute personnelles donc subjectives; de plus, l&rsquo;ordre n&rsquo;a rien d&rsquo;un classement.<\/p>\n\n\n\n<p><strong>\u00ab\u00a0<\/strong><kbd><a href=\"https:\/\/rizom-restaurant.be\/\" data-type=\"URL\" data-id=\"https:\/\/rizom-restaurant.be\/\" target=\"_blank\" rel=\"noreferrer noopener\">Rizom<\/a><\/kbd>\u00a0\u00bb \u00e0 Hornu<\/p>\n\n\n\n<p>\u00ab\u00a0<a href=\"https:\/\/www.bouchonetlassiette.com\/\" data-type=\"URL\" data-id=\"https:\/\/www.bouchonetlassiette.com\/\" target=\"_blank\" rel=\"noreferrer noopener\">Le Bouchon et l&rsquo;Assiette<\/a>\u00a0\u00bb \u00e0 Soignies<\/p>\n\n\n\n<p>\u00ab\u00a0<a href=\"http:\/\/www.lecoqauxchamps.be\/\" data-type=\"URL\" data-id=\"http:\/\/www.lecoqauxchamps.be\/\" target=\"_blank\" rel=\"noreferrer noopener\">Le Coq aux Champs<\/a>\u00a0\u00bb \u00e0 Tinlot<\/p>\n\n\n\n<p>\u00ab\u00a0<a rel=\"noreferrer noopener\" href=\"https:\/\/www.barrieredetransinne.be\/\" data-type=\"URL\" data-id=\"https:\/\/www.barrieredetransinne.be\/\" target=\"_blank\">La Barri\u00e8re de Transinne<\/a>\u00a0\u00bb <\/p>\n\n\n\n<p>\u00ab\u00a0<a href=\"https:\/\/www.commechezsoi.be\/\" data-type=\"URL\" data-id=\"https:\/\/www.commechezsoi.be\/\" target=\"_blank\" rel=\"noreferrer noopener\">Comme chez Soi<\/a>\u00a0\u00bb \u00e0 Bruxelles<\/p>\n\n\n\n<p>\u00ab\u00a0<a href=\"https:\/\/www.arabelle.be\/\" data-type=\"URL\" data-id=\"https:\/\/www.arabelle.be\/\" target=\"_blank\" rel=\"noreferrer noopener\">Arabelle Meirlaen<\/a>\u00a0\u00bb \u00e0 Marchin<\/p>\n\n\n\n<p>\u00ab\u00a0<a href=\"https:\/\/airdutemps.be\/\" data-type=\"URL\" data-id=\"https:\/\/airdutemps.be\/\" target=\"_blank\" rel=\"noreferrer noopener\">L&rsquo;Air du Temps<\/a>\u00a0\u00bb \u00e0 Liernu<\/p>\n\n\n\n<p>\u00ab\u00a0<a href=\"http:\/\/www.resto-augreduvent.be\/\" data-type=\"URL\" data-id=\"http:\/\/www.resto-augreduvent.be\/\" target=\"_blank\" rel=\"noreferrer noopener\">Au Gr\u00e9 du vent<\/a>\u00a0\u00bb \u00e0 Seneffe<\/p>\n\n\n\n<p>\u00ab\u00a0<a href=\"https:\/\/www.kesketumijotes.be\/\" data-type=\"URL\" data-id=\"https:\/\/www.kesketumijotes.be\/\">Keske tu mijotes<\/a>\u00a0\u00bb \u00e0 Ellezelles<\/p>\n\n\n\n<p>\u00ab\u00a0<a href=\"https:\/\/www.maximecollard.be\/la-table-de-maxime\/\" data-type=\"URL\" data-id=\"https:\/\/www.maximecollard.be\/la-table-de-maxime\/\" target=\"_blank\" rel=\"noreferrer noopener\">La Table de Maxime<\/a>\u00a0\u00bb \u00e0 Paliseul<\/p>\n\n\n\n<p>\u00ab\u00a0<a href=\"https:\/\/www.eau-vive.be\/\" data-type=\"URL\" data-id=\"https:\/\/www.eau-vive.be\/\" target=\"_blank\" rel=\"noreferrer noopener\">L&rsquo;Eau vive<\/a>\u00ab\u00a0<\/p>\n\n\n\n<p>\u00ab\u00a0<a href=\"https:\/\/www.lagrappedor.com\/fr\" data-type=\"URL\" data-id=\"https:\/\/www.lagrappedor.com\/fr\" target=\"_blank\" rel=\"noreferrer noopener\">La Grappe d&rsquo;Or<\/a>\u00a0\u00bb \u00e0 Torgny (le d\u00e9m\u00e9nagement \u00e0 Arlon est pr\u00e9vu pour 2022)<\/p>\n\n\n\n<p><\/p>\n\n\n\n<p>Et si vous passez \u00e0 Laguiole (Aveyron-France), arr\u00eatez-vous chez S\u00e9bastien et Michel Bras, au <a href=\"https:\/\/www.bras.fr\/fr\/\" data-type=\"URL\" data-id=\"https:\/\/www.bras.fr\/fr\/\" target=\"_blank\" rel=\"noreferrer noopener\">Suquet<\/a><\/p>\n","protected":false},"excerpt":{"rendered":"<p>Voici quelques suggestions toute personnelles donc subjectives; de plus, l&rsquo;ordre n&rsquo;a rien d&rsquo;un classement. \u00ab\u00a0Rizom\u00a0\u00bb \u00e0 Hornu \u00ab\u00a0Le Bouchon et<\/p>\n","protected":false},"author":1,"featured_media":0,"parent":0,"menu_order":0,"comment_status":"closed","ping_status":"closed","template":"","meta":[],"_links":{"self":[{"href":"https:\/\/www.lacuisinedebabette.net\/index.php\/wp-json\/wp\/v2\/pages\/242"}],"collection":[{"href":"https:\/\/www.lacuisinedebabette.net\/index.php\/wp-json\/wp\/v2\/pages"}],"about":[{"href":"https:\/\/www.lacuisinedebabette.net\/index.php\/wp-json\/wp\/v2\/types\/page"}],"author":[{"embeddable":true,"href":"https:\/\/www.lacuisinedebabette.net\/index.php\/wp-json\/wp\/v2\/users\/1"}],"replies":[{"embeddable":true,"href":"https:\/\/www.lacuisinedebabette.net\/index.php\/wp-json\/wp\/v2\/comments?post=242"}],"version-history":[{"count":12,"href":"https:\/\/www.lacuisinedebabette.net\/index.php\/wp-json\/wp\/v2\/pages\/242\/revisions"}],"predecessor-version":[{"id":320,"href":"https:\/\/www.lacuisinedebabette.net\/index.php\/wp-json\/wp\/v2\/pages\/242\/revisions\/320"}],"wp:attachment":[{"href":"https:\/\/www.lacuisinedebabette.net\/index.php\/wp-json\/wp\/v2\/media?parent=242"}],"curies":[{"name":"wp","href":"https:\/\/api.w.org\/{rel}","templated":true}]}}