{"id":251,"date":"2021-08-02T08:25:38","date_gmt":"2021-08-02T06:25:38","guid":{"rendered":"https:\/\/www.lacuisinedebabette.net\/?page_id=251"},"modified":"2021-08-18T18:34:13","modified_gmt":"2021-08-18T16:34:13","slug":"alimentation","status":"publish","type":"page","link":"https:\/\/www.lacuisinedebabette.net\/index.php\/alimentation\/","title":{"rendered":"Alimentation"},"content":{"rendered":"\n<p>Afin de r\u00e9aliser d&rsquo;excellentes pr\u00e9parations, voici quelques adresses (non exhaustives) o\u00f9 vous pourrez trouver des produits de qualit\u00e9.<\/p>\n\n\n\n<p>Pour la viande : Coprosain (Ath ou Tournai), la ferme Saint Michel \u00e0 Wasmes-Audemez-Briff\u0153il.<\/p>\n\n\n\n<p>Produits d&rsquo;\u00e9picerie, fruits et l\u00e9gumes, farines : Coprosain, Super&rsquo;Ecacheries (Beloeil), Biovillage \u00e0 Quevaucamps<\/p>\n\n\n\n<p>Produits laitiers : ferme Vandelannoitte \u00e0 Quevaucamps<\/p>\n\n\n\n<p>Les fromages de Jacquy Cange \u00e0 Stambruges<\/p>\n\n\n\n<p>Pain et p\u00e2tisserie : la ferme Fourmanoy \u00e0 Chi\u00e8vres<\/p>\n\n\n\n<p>Les caf\u00e9s et th\u00e9s des Cinq Clochers dee Tournai<\/p>\n\n\n\n<p>Les th\u00e9s du Palais des Th\u00e9s<\/p>\n\n\n\n<p>Ingr\u00e9dients pour p\u00e2tisserie, chocolats : le Secret des Chefs \u00e0 Namur<\/p>\n","protected":false},"excerpt":{"rendered":"<p>Afin de r\u00e9aliser d&rsquo;excellentes pr\u00e9parations, voici quelques adresses (non exhaustives) o\u00f9 vous pourrez trouver des produits de qualit\u00e9. Pour la<\/p>\n","protected":false},"author":1,"featured_media":0,"parent":0,"menu_order":0,"comment_status":"closed","ping_status":"closed","template":"","meta":[],"_links":{"self":[{"href":"https:\/\/www.lacuisinedebabette.net\/index.php\/wp-json\/wp\/v2\/pages\/251"}],"collection":[{"href":"https:\/\/www.lacuisinedebabette.net\/index.php\/wp-json\/wp\/v2\/pages"}],"about":[{"href":"https:\/\/www.lacuisinedebabette.net\/index.php\/wp-json\/wp\/v2\/types\/page"}],"author":[{"embeddable":true,"href":"https:\/\/www.lacuisinedebabette.net\/index.php\/wp-json\/wp\/v2\/users\/1"}],"replies":[{"embeddable":true,"href":"https:\/\/www.lacuisinedebabette.net\/index.php\/wp-json\/wp\/v2\/comments?post=251"}],"version-history":[{"count":3,"href":"https:\/\/www.lacuisinedebabette.net\/index.php\/wp-json\/wp\/v2\/pages\/251\/revisions"}],"predecessor-version":[{"id":325,"href":"https:\/\/www.lacuisinedebabette.net\/index.php\/wp-json\/wp\/v2\/pages\/251\/revisions\/325"}],"wp:attachment":[{"href":"https:\/\/www.lacuisinedebabette.net\/index.php\/wp-json\/wp\/v2\/media?parent=251"}],"curies":[{"name":"wp","href":"https:\/\/api.w.org\/{rel}","templated":true}]}}